{"id":14530,"date":"2021-04-27T07:18:03","date_gmt":"2021-04-27T07:18:03","guid":{"rendered":"https:\/\/empleo.springhoteles.com\/?page_id=14530"},"modified":"2021-07-16T13:31:50","modified_gmt":"2021-07-16T13:31:50","slug":"datos-spring","status":"publish","type":"page","link":"https:\/\/empleo.springhoteles.com\/?page_id=14530","title":{"rendered":"Atributos Spring"},"content":{"rendered":"<p>[vc_row cspt-bg-image-position=\u00bbcenter-center\u00bb css=\u00bb.vc_custom_1619508700052{margin-top: 40px !important;}\u00bb][vc_column width=\u00bb3\/4&#8243;][vc_column_text]<\/p>\n<p style=\"text-align: justify;\"><span style=\"font-weight: 400;\">En Spring Hoteles creemos que el trabajo es para las personas &#8211; todas las personas. Trabajamos para construir una cultura basada en la igualdad e inclusividad, donde el talento, pasi\u00f3n y naturalidad son unos de nuestros principales valores. Queremos que cada persona se sienta atendida, escuchada y valorada por ser como es. <\/span><\/p>\n<p>[\/vc_column_text][\/vc_column][vc_column width=\u00bb1\/4&#8243;][\/vc_column][\/vc_row][vc_row css=\u00bb.vc_custom_1619508828844{margin-top: 20px !important;margin-bottom: 10px !important;}\u00bb][vc_column][vc_separator color=\u00bbcustom\u00bb style=\u00bbshadow\u00bb border_width=\u00bb4&#8243; accent_color=\u00bb#182653&#8243; css=\u00bb.vc_custom_1619509088175{margin-top: 20px !important;margin-bottom: 20px !important;}\u00bb][\/vc_column][\/vc_row][vc_row cspt-bg-image-position=\u00bbcenter-center\u00bb css=\u00bb.vc_custom_1622806430916{margin-top: 0px !important;padding-top: 25px !important;padding-bottom: 25px !important;}\u00bb][vc_column width=\u00bb3\/4&#8243;][vc_column_text]<\/p>\n<p style=\"text-align: justify;\">El compromiso es uno de los valores que nos acompa\u00f1a para cumplir nuestros objetivos. En Spring Hotels estamos comprometidos con la excelencia. Amamos lo que hacemos y estamos orgullosos de entregar un servicio inolvidable a nuestros hu\u00e9spedes y pertenecer a una empresa que nos permite crecer. Somos excelentes todos los d\u00edas.<\/p>\n<p>[\/vc_column_text][\/vc_column][vc_column width=\u00bb1\/4&#8243;][\/vc_column][\/vc_row][vc_row][vc_column][vc_separator color=\u00bbcustom\u00bb style=\u00bbshadow\u00bb border_width=\u00bb4&#8243; accent_color=\u00bb#182653&#8243; css=\u00bb.vc_custom_1619509063322{margin-top: 20px !important;margin-bottom: 20px !important;}\u00bb][\/vc_column][\/vc_row][vc_row cspt-bg-image-position=\u00bbcenter-center\u00bb css=\u00bb.vc_custom_1622806444483{margin-top: 0px !important;padding-top: 25px !important;padding-bottom: 25px !important;}\u00bb][vc_column width=\u00bb3\/4&#8243;][vc_column_text el_id=\u00bbinno\u00bb]<\/p>\n<p style=\"text-align: justify;\">La innovaci\u00f3n siempre ha sido parte del ADN de Spring Hotels. Estamos buscando desarrollar nuevos productos, ofrecer nuevos servicios para nuestros hu\u00e9spedes y facilitar el trabajo de las personas que forman parte del Spring Team.<\/p>\n<p>[\/vc_column_text][\/vc_column][vc_column width=\u00bb1\/4&#8243;][\/vc_column][\/vc_row][vc_row][vc_column][vc_separator color=\u00bbcustom\u00bb style=\u00bbshadow\u00bb border_width=\u00bb4&#8243; accent_color=\u00bb#182653&#8243; css=\u00bb.vc_custom_1619509218995{margin-top: 20px !important;margin-bottom: 20px !important;}\u00bb][\/vc_column][\/vc_row][vc_row cspt-bg-image-position=\u00bbcenter-center\u00bb css=\u00bb.vc_custom_1622806455065{margin-top: 0px !important;padding-top: 25px !important;padding-bottom: 25px !important;}\u00bb][vc_column width=\u00bb3\/4&#8243;][vc_column_text]<\/p>\n<p style=\"text-align: justify;\">El bienestar en el lugar de trabajo es un factor fundamental en nuestra organizaci\u00f3n. Spring Hoteles centra sus proyecto e iniciativas en conseguir el equilibrio en todos los aspectos de la vida laboral, desde la calidad y seguridad del entorno f\u00edsico, hasta c\u00f3mo se sienten los trabajadores con respecto a su trabajo, su entorno laboral, el clima en el trabajo y la organizaci\u00f3n del trabajo.<\/p>\n<p><a href=\"https:\/\/empleo.springhoteles.com\/?cspt-service=bienestar\">Ver m\u00e1s&#8230;<\/a>[\/vc_column_text][\/vc_column][vc_column width=\u00bb1\/4&#8243;][\/vc_column][\/vc_row][vc_row][vc_column][vc_separator color=\u00bbcustom\u00bb style=\u00bbshadow\u00bb border_width=\u00bb4&#8243; css=\u00bb.vc_custom_1619509464237{margin-top: 20px !important;margin-bottom: 20px !important;}\u00bb accent_color=\u00bb#182653&#8243;][\/vc_column][\/vc_row][vc_row cspt-bg-image-position=\u00bbcenter-center\u00bb css=\u00bb.vc_custom_1622806465881{margin-top: 0px !important;padding-top: 25px !important;padding-bottom: 25px !important;}\u00bb][vc_column width=\u00bb3\/4&#8243;][vc_column_text]<\/p>\n<p style=\"text-align: justify;\">Hoy en d\u00eda la responsabilidad se encuentra en m\u00e1s que un simple movimiento. Se ha convertido en un elemento vital que miles de empresas han reconocido su compromiso permanente.<\/p>\n<p style=\"text-align: justify;\">En Spring Hotels creemos que el medio ambiente conviven gracias a todas las acciones responsables que est\u00e1n generando un enorme impacto positivo en todo el mundo. Si todos nos comprometemos con una conciencia m\u00e1s sostenible, todos ganamos.<\/p>\n<p>[\/vc_column_text][\/vc_column][vc_column width=\u00bb1\/4&#8243;][\/vc_column][\/vc_row][vc_row][vc_column][vc_separator color=\u00bbcustom\u00bb style=\u00bbshadow\u00bb border_width=\u00bb4&#8243; accent_color=\u00bb#182653&#8243; css=\u00bb.vc_custom_1619509652456{margin-top: 20px !important;margin-bottom: 20px !important;}\u00bb][\/vc_column][\/vc_row][vc_row cspt-bg-image-position=\u00bbcenter-center\u00bb css=\u00bb.vc_custom_1622806479446{margin-top: 0px !important;padding-top: 25px !important;padding-bottom: 25px !important;}\u00bb][vc_column width=\u00bb3\/4&#8243;][vc_column_text el_id=\u00bbrefe\u00bb]<\/p>\n<p style=\"text-align: justify;\">En la industria hotelera, donde todo se registra y compara, desde los detalles de los consumibles de las barras y los costos de los alimentos hasta los beneficios de los empleados y las tasas de retenci\u00f3n es importante mantener la competitividad. Los bares, las cafeter\u00edas, los restaurantes y los hoteles tambi\u00e9n utilizan las calificaciones de satisfacci\u00f3n del cliente para garantizar que la formaci\u00f3n de su personal sea eficaz y comprobar que sus procesos sean s\u00f3lidos. En esta aspecto Spring es una empresa referente en Tenerife siendo pionero en el trato de los hu\u00e9spedes y trabajadores, la dedicaci\u00f3n a innovaci\u00f3n y su compromiso con la isla.<\/p>\n<p>[\/vc_column_text][\/vc_column][vc_column width=\u00bb1\/4&#8243;][\/vc_column][\/vc_row][vc_row][vc_column][vc_separator color=\u00bbcustom\u00bb style=\u00bbshadow\u00bb border_width=\u00bb4&#8243; accent_color=\u00bb#182653&#8243; css=\u00bb.vc_custom_1619509749045{margin-top: 20px !important;margin-bottom: 20px !important;}\u00bb][\/vc_column][\/vc_row][vc_row cspt-bg-image-position=\u00bbcenter-center\u00bb css=\u00bb.vc_custom_1622806489253{margin-top: 0px !important;padding-top: 25px !important;padding-bottom: 25px !important;}\u00bb][vc_column width=\u00bb3\/4&#8243;][vc_column_text]<\/p>\n<p style=\"text-align: justify;\"><span style=\"font-weight: 400;\">En Spring Hoteles creemos que el trabajo es para las personas &#8211; todas las personas. Trabajamos para construir una cultura basada en la igualdad e inclusividad, donde el talento, pasi\u00f3n y naturalidad son unos de nuestros principales valores. Queremos que cada persona se sienta atendida, escuchada y valorada por ser como es. <\/span><\/p>\n<p>[\/vc_column_text][\/vc_column][vc_column width=\u00bb1\/4&#8243;][\/vc_column][\/vc_row][vc_row][vc_column][vc_separator color=\u00bbcustom\u00bb style=\u00bbshadow\u00bb border_width=\u00bb4&#8243; accent_color=\u00bb#182653&#8243; css=\u00bb.vc_custom_1619509860750{margin-top: 20px !important;margin-bottom: 20px !important;}\u00bb][\/vc_column][\/vc_row][vc_row cspt-bg-image-position=\u00bbcenter-center\u00bb css=\u00bb.vc_custom_1622806499082{margin-top: 0px !important;padding-top: 25px !important;padding-bottom: 25px !important;}\u00bb el_id=\u00bbtbd-spring\u00bb][vc_column width=\u00bb3\/4&#8243;][vc_column_text]<\/p>\n<p style=\"text-align: justify;\">Spring Hoteles es una empresa comprometida con el entorno y siempre volcada en apoyar a las asociaciones sin \u00e1nimo de lucro y que trabajan en acciones sociales en Tenerife, participando cada a\u00f1o en proyectos solidarios y actividades de apoyo.<\/p>\n<p style=\"text-align: justify;\"><a href=\"https:\/\/empleo.springhoteles.com\/?cspt-service=responsabilidad-social-corporativa-en-spring\">Ver m\u00e1s&#8230;<\/a><\/p>\n<p>[\/vc_column_text][\/vc_column][vc_column width=\u00bb1\/4&#8243;][\/vc_column][\/vc_row]<\/p>\n","protected":false},"excerpt":{"rendered":"<p>[vc_row cspt-bg-image-position=\u00bbcenter-center\u00bb css=\u00bb.vc_custom_1619508700052{margin-top: 40px !important;}\u00bb][vc_column width=\u00bb3\/4&#8243;][vc_column_text] En Spring Hoteles creemos que el trabajo es para las personas &#8211; todas las personas. Trabajamos para construir una cultura basada en la igualdad e inclusividad, donde el talento, pasi\u00f3n y naturalidad son unos de nuestros principales valores. Queremos que cada persona se sienta atendida, escuchada y valorada por [&hellip;]<\/p>\n","protected":false},"author":1,"featured_media":0,"parent":0,"menu_order":0,"comment_status":"closed","ping_status":"closed","template":"","meta":{"_acf_changed":false,"footnotes":""},"class_list":["post-14530","page","type-page","status-publish","hentry"],"acf":[],"yoast_head":"<!-- This site is optimized with the Yoast SEO plugin v27.5 - https:\/\/yoast.com\/product\/yoast-seo-wordpress\/ -->\n<title>Atributos Spring - Empleo Spring Hoteles<\/title>\n<meta name=\"robots\" content=\"index, follow, max-snippet:-1, max-image-preview:large, max-video-preview:-1\" \/>\n<link rel=\"canonical\" href=\"https:\/\/empleo.springhoteles.com\/?page_id=14530\" \/>\n<meta property=\"og:locale\" content=\"es_ES\" \/>\n<meta property=\"og:type\" content=\"article\" \/>\n<meta property=\"og:title\" content=\"Atributos Spring - Empleo Spring Hoteles\" \/>\n<meta property=\"og:description\" content=\"[vc_row cspt-bg-image-position=\u00bbcenter-center\u00bb css=\u00bb.vc_custom_1619508700052{margin-top: 40px !important;}\u00bb][vc_column width=\u00bb3\/4&#8243;][vc_column_text] En Spring Hoteles creemos que el trabajo es para las personas &#8211; todas las personas. Trabajamos para construir una cultura basada en la igualdad e inclusividad, donde el talento, pasi\u00f3n y naturalidad son unos de nuestros principales valores. Queremos que cada persona se sienta atendida, escuchada y valorada por [&hellip;]\" \/>\n<meta property=\"og:url\" content=\"https:\/\/empleo.springhoteles.com\/?page_id=14530\" \/>\n<meta property=\"og:site_name\" content=\"Empleo Spring Hoteles\" \/>\n<meta property=\"article:modified_time\" content=\"2021-07-16T13:31:50+00:00\" \/>\n<meta name=\"twitter:card\" content=\"summary_large_image\" \/>\n<meta name=\"twitter:label1\" content=\"Tiempo de lectura\" \/>\n\t<meta name=\"twitter:data1\" content=\"8 minutos\" \/>\n<script type=\"application\/ld+json\" class=\"yoast-schema-graph\">{\"@context\":\"https:\\\/\\\/schema.org\",\"@graph\":[{\"@type\":\"WebPage\",\"@id\":\"https:\\\/\\\/empleo.springhoteles.com\\\/?page_id=14530\",\"url\":\"https:\\\/\\\/empleo.springhoteles.com\\\/?page_id=14530\",\"name\":\"Atributos Spring - Empleo Spring Hoteles\",\"isPartOf\":{\"@id\":\"https:\\\/\\\/empleo.springhoteles.com\\\/#website\"},\"datePublished\":\"2021-04-27T07:18:03+00:00\",\"dateModified\":\"2021-07-16T13:31:50+00:00\",\"breadcrumb\":{\"@id\":\"https:\\\/\\\/empleo.springhoteles.com\\\/?page_id=14530#breadcrumb\"},\"inLanguage\":\"es\",\"potentialAction\":[{\"@type\":\"ReadAction\",\"target\":[\"https:\\\/\\\/empleo.springhoteles.com\\\/?page_id=14530\"]}]},{\"@type\":\"BreadcrumbList\",\"@id\":\"https:\\\/\\\/empleo.springhoteles.com\\\/?page_id=14530#breadcrumb\",\"itemListElement\":[{\"@type\":\"ListItem\",\"position\":1,\"name\":\"Portada\",\"item\":\"https:\\\/\\\/empleo.springhoteles.com\\\/\"},{\"@type\":\"ListItem\",\"position\":2,\"name\":\"Atributos Spring\"}]},{\"@type\":\"WebSite\",\"@id\":\"https:\\\/\\\/empleo.springhoteles.com\\\/#website\",\"url\":\"https:\\\/\\\/empleo.springhoteles.com\\\/\",\"name\":\"Empleo Spring Hoteles\",\"description\":\"Que significa formar parte de Spring Hoteles\",\"publisher\":{\"@id\":\"https:\\\/\\\/empleo.springhoteles.com\\\/#organization\"},\"potentialAction\":[{\"@type\":\"SearchAction\",\"target\":{\"@type\":\"EntryPoint\",\"urlTemplate\":\"https:\\\/\\\/empleo.springhoteles.com\\\/?s={search_term_string}\"},\"query-input\":{\"@type\":\"PropertyValueSpecification\",\"valueRequired\":true,\"valueName\":\"search_term_string\"}}],\"inLanguage\":\"es\"},{\"@type\":\"Organization\",\"@id\":\"https:\\\/\\\/empleo.springhoteles.com\\\/#organization\",\"name\":\"Empleo Spring Hoteles\",\"url\":\"https:\\\/\\\/empleo.springhoteles.com\\\/\",\"logo\":{\"@type\":\"ImageObject\",\"inLanguage\":\"es\",\"@id\":\"https:\\\/\\\/empleo.springhoteles.com\\\/#\\\/schema\\\/logo\\\/image\\\/\",\"url\":\"https:\\\/\\\/empleo.springhoteles.com\\\/wp-content\\\/uploads\\\/2021\\\/07\\\/mainlogo-header-springhoteles-oxxp0n9c4hhl9o7mz2yz6jm2gltnrsgsx8m5e2w934.png\",\"contentUrl\":\"https:\\\/\\\/empleo.springhoteles.com\\\/wp-content\\\/uploads\\\/2021\\\/07\\\/mainlogo-header-springhoteles-oxxp0n9c4hhl9o7mz2yz6jm2gltnrsgsx8m5e2w934.png\",\"width\":60,\"height\":48,\"caption\":\"Empleo Spring Hoteles\"},\"image\":{\"@id\":\"https:\\\/\\\/empleo.springhoteles.com\\\/#\\\/schema\\\/logo\\\/image\\\/\"},\"sameAs\":[\"https:\\\/\\\/www.linkedin.com\\\/company\\\/spring-hoteles\\\/mycompany\\\/\"]}]}<\/script>\n<!-- \/ Yoast SEO plugin. -->","yoast_head_json":{"title":"Atributos Spring - Empleo Spring Hoteles","robots":{"index":"index","follow":"follow","max-snippet":"max-snippet:-1","max-image-preview":"max-image-preview:large","max-video-preview":"max-video-preview:-1"},"canonical":"https:\/\/empleo.springhoteles.com\/?page_id=14530","og_locale":"es_ES","og_type":"article","og_title":"Atributos Spring - Empleo Spring Hoteles","og_description":"[vc_row cspt-bg-image-position=\u00bbcenter-center\u00bb css=\u00bb.vc_custom_1619508700052{margin-top: 40px !important;}\u00bb][vc_column width=\u00bb3\/4&#8243;][vc_column_text] En Spring Hoteles creemos que el trabajo es para las personas &#8211; todas las personas. Trabajamos para construir una cultura basada en la igualdad e inclusividad, donde el talento, pasi\u00f3n y naturalidad son unos de nuestros principales valores. Queremos que cada persona se sienta atendida, escuchada y valorada por [&hellip;]","og_url":"https:\/\/empleo.springhoteles.com\/?page_id=14530","og_site_name":"Empleo Spring Hoteles","article_modified_time":"2021-07-16T13:31:50+00:00","twitter_card":"summary_large_image","twitter_misc":{"Tiempo de lectura":"8 minutos"},"schema":{"@context":"https:\/\/schema.org","@graph":[{"@type":"WebPage","@id":"https:\/\/empleo.springhoteles.com\/?page_id=14530","url":"https:\/\/empleo.springhoteles.com\/?page_id=14530","name":"Atributos Spring - Empleo Spring Hoteles","isPartOf":{"@id":"https:\/\/empleo.springhoteles.com\/#website"},"datePublished":"2021-04-27T07:18:03+00:00","dateModified":"2021-07-16T13:31:50+00:00","breadcrumb":{"@id":"https:\/\/empleo.springhoteles.com\/?page_id=14530#breadcrumb"},"inLanguage":"es","potentialAction":[{"@type":"ReadAction","target":["https:\/\/empleo.springhoteles.com\/?page_id=14530"]}]},{"@type":"BreadcrumbList","@id":"https:\/\/empleo.springhoteles.com\/?page_id=14530#breadcrumb","itemListElement":[{"@type":"ListItem","position":1,"name":"Portada","item":"https:\/\/empleo.springhoteles.com\/"},{"@type":"ListItem","position":2,"name":"Atributos Spring"}]},{"@type":"WebSite","@id":"https:\/\/empleo.springhoteles.com\/#website","url":"https:\/\/empleo.springhoteles.com\/","name":"Empleo Spring Hoteles","description":"Que significa formar parte de Spring Hoteles","publisher":{"@id":"https:\/\/empleo.springhoteles.com\/#organization"},"potentialAction":[{"@type":"SearchAction","target":{"@type":"EntryPoint","urlTemplate":"https:\/\/empleo.springhoteles.com\/?s={search_term_string}"},"query-input":{"@type":"PropertyValueSpecification","valueRequired":true,"valueName":"search_term_string"}}],"inLanguage":"es"},{"@type":"Organization","@id":"https:\/\/empleo.springhoteles.com\/#organization","name":"Empleo Spring Hoteles","url":"https:\/\/empleo.springhoteles.com\/","logo":{"@type":"ImageObject","inLanguage":"es","@id":"https:\/\/empleo.springhoteles.com\/#\/schema\/logo\/image\/","url":"https:\/\/empleo.springhoteles.com\/wp-content\/uploads\/2021\/07\/mainlogo-header-springhoteles-oxxp0n9c4hhl9o7mz2yz6jm2gltnrsgsx8m5e2w934.png","contentUrl":"https:\/\/empleo.springhoteles.com\/wp-content\/uploads\/2021\/07\/mainlogo-header-springhoteles-oxxp0n9c4hhl9o7mz2yz6jm2gltnrsgsx8m5e2w934.png","width":60,"height":48,"caption":"Empleo Spring Hoteles"},"image":{"@id":"https:\/\/empleo.springhoteles.com\/#\/schema\/logo\/image\/"},"sameAs":["https:\/\/www.linkedin.com\/company\/spring-hoteles\/mycompany\/"]}]}},"_links":{"self":[{"href":"https:\/\/empleo.springhoteles.com\/index.php?rest_route=\/wp\/v2\/pages\/14530","targetHints":{"allow":["GET"]}}],"collection":[{"href":"https:\/\/empleo.springhoteles.com\/index.php?rest_route=\/wp\/v2\/pages"}],"about":[{"href":"https:\/\/empleo.springhoteles.com\/index.php?rest_route=\/wp\/v2\/types\/page"}],"author":[{"embeddable":true,"href":"https:\/\/empleo.springhoteles.com\/index.php?rest_route=\/wp\/v2\/users\/1"}],"replies":[{"embeddable":true,"href":"https:\/\/empleo.springhoteles.com\/index.php?rest_route=%2Fwp%2Fv2%2Fcomments&post=14530"}],"version-history":[{"count":17,"href":"https:\/\/empleo.springhoteles.com\/index.php?rest_route=\/wp\/v2\/pages\/14530\/revisions"}],"predecessor-version":[{"id":15999,"href":"https:\/\/empleo.springhoteles.com\/index.php?rest_route=\/wp\/v2\/pages\/14530\/revisions\/15999"}],"wp:attachment":[{"href":"https:\/\/empleo.springhoteles.com\/index.php?rest_route=%2Fwp%2Fv2%2Fmedia&parent=14530"}],"curies":[{"name":"wp","href":"https:\/\/api.w.org\/{rel}","templated":true}]}}